{"id":2890,"date":"2026-04-13T11:46:41","date_gmt":"2026-04-13T11:46:41","guid":{"rendered":"https:\/\/sportfahrwerk-store.de\/?post_type=product&#038;p=2890"},"modified":"2026-04-13T11:46:41","modified_gmt":"2026-04-13T11:46:41","slug":"kw-clubsport-stuetzlager-val-fuer-bmw-3er-e36","status":"publish","type":"product","link":"https:\/\/sportfahrwerk-store.de\/?product=kw-clubsport-stuetzlager-val-fuer-bmw-3er-e36","title":{"rendered":"KW clubsport St\u00fctzlager VAL f\u00fcr BMW 3er (E36)"},"content":{"rendered":"","protected":false},"excerpt":{"rendered":"<p>Clubsport St\u00fctzlager VA Links (mit Sturzverstellung)<\/p>\n","protected":false},"featured_media":0,"comment_status":"open","ping_status":"closed","template":"","meta":[],"product_brand":[],"product_cat":[],"product_tag":[],"ausfuhrung":[],"hsn":[],"marke":[62],"modell":[],"tsn":[],"typ":[63],"class_list":{"0":"post-2890","1":"product","2":"type-product","3":"status-publish","5":"marke-kw","6":"typ-variable","8":"first","9":"instock","10":"shipping-taxable","11":"purchasable","12":"product-type-simple"},"acf":[],"_links":{"self":[{"href":"https:\/\/sportfahrwerk-store.de\/index.php?rest_route=\/wp\/v2\/product\/2890","targetHints":{"allow":["GET"]}}],"collection":[{"href":"https:\/\/sportfahrwerk-store.de\/index.php?rest_route=\/wp\/v2\/product"}],"about":[{"href":"https:\/\/sportfahrwerk-store.de\/index.php?rest_route=\/wp\/v2\/types\/product"}],"replies":[{"embeddable":true,"href":"https:\/\/sportfahrwerk-store.de\/index.php?rest_route=%2Fwp%2Fv2%2Fcomments&post=2890"}],"wp:attachment":[{"href":"https:\/\/sportfahrwerk-store.de\/index.php?rest_route=%2Fwp%2Fv2%2Fmedia&parent=2890"}],"wp:term":[{"taxonomy":"product_brand","embeddable":true,"href":"https:\/\/sportfahrwerk-store.de\/index.php?rest_route=%2Fwp%2Fv2%2Fproduct_brand&post=2890"},{"taxonomy":"product_cat","embeddable":true,"href":"https:\/\/sportfahrwerk-store.de\/index.php?rest_route=%2Fwp%2Fv2%2Fproduct_cat&post=2890"},{"taxonomy":"product_tag","embeddable":true,"href":"https:\/\/sportfahrwerk-store.de\/index.php?rest_route=%2Fwp%2Fv2%2Fproduct_tag&post=2890"},{"taxonomy":"ausfuhrung","embeddable":true,"href":"https:\/\/sportfahrwerk-store.de\/index.php?rest_route=%2Fwp%2Fv2%2Fausfuhrung&post=2890"},{"taxonomy":"hsn","embeddable":true,"href":"https:\/\/sportfahrwerk-store.de\/index.php?rest_route=%2Fwp%2Fv2%2Fhsn&post=2890"},{"taxonomy":"marke","embeddable":true,"href":"https:\/\/sportfahrwerk-store.de\/index.php?rest_route=%2Fwp%2Fv2%2Fmarke&post=2890"},{"taxonomy":"modell","embeddable":true,"href":"https:\/\/sportfahrwerk-store.de\/index.php?rest_route=%2Fwp%2Fv2%2Fmodell&post=2890"},{"taxonomy":"tsn","embeddable":true,"href":"https:\/\/sportfahrwerk-store.de\/index.php?rest_route=%2Fwp%2Fv2%2Ftsn&post=2890"},{"taxonomy":"typ","embeddable":true,"href":"https:\/\/sportfahrwerk-store.de\/index.php?rest_route=%2Fwp%2Fv2%2Ftyp&post=2890"}],"curies":[{"name":"wp","href":"https:\/\/api.w.org\/{rel}","templated":true}]}}